{"id":93,"date":"2023-12-14T12:46:12","date_gmt":"2023-12-14T12:46:12","guid":{"rendered":"https:\/\/loristhaarmode.nl\/?post_type=product&#038;p=93"},"modified":"2023-12-14T13:00:06","modified_gmt":"2023-12-14T13:00:06","slug":"style-salt-mist-200-ml","status":"publish","type":"product","link":"https:\/\/loristhaarmode.nl\/index.php\/product\/style-salt-mist-200-ml\/","title":{"rendered":"Salt Mist (200 ml)"},"content":{"rendered":"<p>De beach look blijft populair. Die wil je dus het hele jaar door kunnen maken. Daarvoor brengt Style Salt Mist N\u00b062 de zee naar je toe. Deze zoutspray doet precies wat het zoute zeewater met je haar doet: het geeft textuur en een mooie matte finish. Daarbij krijgt je haar ook licht volume. N\u00e9t als na een dagje strand.<\/p>\n<p><b class=\"richtext_bold__Ems8N\">Hoe te gebruiken: <\/b>Je kunt meerdere lagen van deze spray op (handdoek)droog haar aanbrengen om zoveel volume als je wilt en de gewenste grip te cre\u00ebren. Wil je een extra warrig effect? Zorg dat je haar droog is, verdeel het dan in secties en f\u00f6hn het vervolgens. Til je haar tijdens het f\u00f6hnen op bij de aanzet voor nog meer volume.<\/p>\n","protected":false},"excerpt":{"rendered":"<p>De beach look blijft populair. Die wil je dus het hele jaar door kunnen maken. Daarvoor brengt Style Salt Mist N\u00b062 de zee naar je toe. Deze zoutspray doet precies wat het zoute zeewater met je haar doet: het geeft textuur en een mooie matte finish. Daarbij krijgt je haar ook licht volume. N\u00e9t als &hellip;<\/p>\n<p class=\"read-more\"> <a class=\"\" href=\"https:\/\/loristhaarmode.nl\/index.php\/product\/style-salt-mist-200-ml\/\"> <span class=\"screen-reader-text\">Salt Mist (200 ml)<\/span> Lees meer &raquo;<\/a><\/p>\n","protected":false},"featured_media":94,"comment_status":"open","ping_status":"closed","template":"","meta":{"site-sidebar-layout":"default","site-content-layout":"","ast-site-content-layout":"default","site-content-style":"default","site-sidebar-style":"default","ast-global-header-display":"","ast-banner-title-visibility":"","ast-main-header-display":"","ast-hfb-above-header-display":"","ast-hfb-below-header-display":"","ast-hfb-mobile-header-display":"","site-post-title":"","ast-breadcrumbs-content":"","ast-featured-img":"","footer-sml-layout":"","theme-transparent-header-meta":"default","adv-header-id-meta":"","stick-header-meta":"","header-above-stick-meta":"","header-main-stick-meta":"","header-below-stick-meta":"","astra-migrate-meta-layouts":"set","ast-page-background-enabled":"default","ast-page-background-meta":{"desktop":{"background-color":"var(--ast-global-color-4)","background-image":"","background-repeat":"repeat","background-position":"center center","background-size":"auto","background-attachment":"scroll","background-type":"","background-media":"","overlay-type":"","overlay-color":"","overlay-gradient":""},"tablet":{"background-color":"","background-image":"","background-repeat":"repeat","background-position":"center center","background-size":"auto","background-attachment":"scroll","background-type":"","background-media":"","overlay-type":"","overlay-color":"","overlay-gradient":""},"mobile":{"background-color":"","background-image":"","background-repeat":"repeat","background-position":"center center","background-size":"auto","background-attachment":"scroll","background-type":"","background-media":"","overlay-type":"","overlay-color":"","overlay-gradient":""}},"ast-content-background-meta":{"desktop":{"background-color":"var(--ast-global-color-5)","background-image":"","background-repeat":"repeat","background-position":"center center","background-size":"auto","background-attachment":"scroll","background-type":"","background-media":"","overlay-type":"","overlay-color":"","overlay-gradient":""},"tablet":{"background-color":"var(--ast-global-color-5)","background-image":"","background-repeat":"repeat","background-position":"center center","background-size":"auto","background-attachment":"scroll","background-type":"","background-media":"","overlay-type":"","overlay-color":"","overlay-gradient":""},"mobile":{"background-color":"var(--ast-global-color-5)","background-image":"","background-repeat":"repeat","background-position":"center center","background-size":"auto","background-attachment":"scroll","background-type":"","background-media":"","overlay-type":"","overlay-color":"","overlay-gradient":""}}},"product_brand":[],"product_cat":[28],"product_tag":[],"class_list":{"0":"post-93","1":"product","2":"type-product","3":"status-publish","4":"has-post-thumbnail","6":"product_cat-styling","7":"desktop-align-left","8":"tablet-align-left","9":"mobile-align-left","11":"first","12":"instock","13":"taxable","14":"shipping-taxable","15":"purchasable","16":"product-type-simple"},"yoast_head":"<!-- This site is optimized with the Yoast SEO plugin v27.5 - https:\/\/yoast.com\/product\/yoast-seo-wordpress\/ -->\n<title>Salt Mist (200 ml)<\/title>\n<meta name=\"robots\" content=\"index, follow, max-snippet:-1, max-image-preview:large, max-video-preview:-1\" \/>\n<link rel=\"canonical\" href=\"https:\/\/loristhaarmode.nl\/index.php\/product\/style-salt-mist-200-ml\/\" \/>\n<meta property=\"og:locale\" content=\"nl_NL\" \/>\n<meta property=\"og:type\" content=\"article\" \/>\n<meta property=\"og:title\" content=\"Salt Mist (200 ml)\" \/>\n<meta property=\"og:description\" content=\"De beach look blijft populair. Die wil je dus het hele jaar door kunnen maken. Daarvoor brengt Style Salt Mist N\u00b062 de zee naar je toe. Deze zoutspray doet precies wat het zoute zeewater met je haar doet: het geeft textuur en een mooie matte finish. Daarbij krijgt je haar ook licht volume. N\u00e9t als &hellip; Salt Mist (200 ml) Lees meer &raquo;\" \/>\n<meta property=\"og:url\" content=\"https:\/\/loristhaarmode.nl\/index.php\/product\/style-salt-mist-200-ml\/\" \/>\n<meta property=\"article:publisher\" content=\"https:\/\/www.facebook.com\/profile.php?id=61553138893283\" \/>\n<meta property=\"article:modified_time\" content=\"2023-12-14T13:00:06+00:00\" \/>\n<meta property=\"og:image\" content=\"https:\/\/loristhaarmode.nl\/wp-content\/uploads\/2023\/12\/Keune-Style-Texture-No62-Salt-Mist.webp\" \/>\n\t<meta property=\"og:image:width\" content=\"1024\" \/>\n\t<meta property=\"og:image:height\" content=\"757\" \/>\n\t<meta property=\"og:image:type\" content=\"image\/webp\" \/>\n<meta name=\"twitter:card\" content=\"summary_large_image\" \/>\n<meta name=\"twitter:label1\" content=\"Geschatte leestijd\" \/>\n\t<meta name=\"twitter:data1\" content=\"1 minuut\" \/>\n<script type=\"application\/ld+json\" class=\"yoast-schema-graph\">{\"@context\":\"https:\\\/\\\/schema.org\",\"@graph\":[{\"@type\":\"WebPage\",\"@id\":\"https:\\\/\\\/loristhaarmode.nl\\\/index.php\\\/product\\\/style-salt-mist-200-ml\\\/\",\"url\":\"https:\\\/\\\/loristhaarmode.nl\\\/index.php\\\/product\\\/style-salt-mist-200-ml\\\/\",\"name\":\"Salt Mist (200 ml)\",\"isPartOf\":{\"@id\":\"https:\\\/\\\/loristhaarmode.nl\\\/#website\"},\"primaryImageOfPage\":{\"@id\":\"https:\\\/\\\/loristhaarmode.nl\\\/index.php\\\/product\\\/style-salt-mist-200-ml\\\/#primaryimage\"},\"image\":{\"@id\":\"https:\\\/\\\/loristhaarmode.nl\\\/index.php\\\/product\\\/style-salt-mist-200-ml\\\/#primaryimage\"},\"thumbnailUrl\":\"https:\\\/\\\/loristhaarmode.nl\\\/wp-content\\\/uploads\\\/2023\\\/12\\\/Keune-Style-Texture-No62-Salt-Mist.webp\",\"datePublished\":\"2023-12-14T12:46:12+00:00\",\"dateModified\":\"2023-12-14T13:00:06+00:00\",\"breadcrumb\":{\"@id\":\"https:\\\/\\\/loristhaarmode.nl\\\/index.php\\\/product\\\/style-salt-mist-200-ml\\\/#breadcrumb\"},\"inLanguage\":\"nl-NL\",\"potentialAction\":[{\"@type\":\"ReadAction\",\"target\":[\"https:\\\/\\\/loristhaarmode.nl\\\/index.php\\\/product\\\/style-salt-mist-200-ml\\\/\"]}]},{\"@type\":\"ImageObject\",\"inLanguage\":\"nl-NL\",\"@id\":\"https:\\\/\\\/loristhaarmode.nl\\\/index.php\\\/product\\\/style-salt-mist-200-ml\\\/#primaryimage\",\"url\":\"https:\\\/\\\/loristhaarmode.nl\\\/wp-content\\\/uploads\\\/2023\\\/12\\\/Keune-Style-Texture-No62-Salt-Mist.webp\",\"contentUrl\":\"https:\\\/\\\/loristhaarmode.nl\\\/wp-content\\\/uploads\\\/2023\\\/12\\\/Keune-Style-Texture-No62-Salt-Mist.webp\",\"width\":1024,\"height\":757},{\"@type\":\"BreadcrumbList\",\"@id\":\"https:\\\/\\\/loristhaarmode.nl\\\/index.php\\\/product\\\/style-salt-mist-200-ml\\\/#breadcrumb\",\"itemListElement\":[{\"@type\":\"ListItem\",\"position\":1,\"name\":\"Home\",\"item\":\"https:\\\/\\\/loristhaarmode.nl\\\/\"},{\"@type\":\"ListItem\",\"position\":2,\"name\":\"Producten\",\"item\":\"https:\\\/\\\/loristhaarmode.nl\\\/index.php\\\/winkel\\\/\"},{\"@type\":\"ListItem\",\"position\":3,\"name\":\"styling\",\"item\":\"https:\\\/\\\/loristhaarmode.nl\\\/index.php\\\/product-categorie\\\/styling\\\/\"},{\"@type\":\"ListItem\",\"position\":4,\"name\":\"Salt Mist (200 ml)\"}]},{\"@type\":\"WebSite\",\"@id\":\"https:\\\/\\\/loristhaarmode.nl\\\/#website\",\"url\":\"https:\\\/\\\/loristhaarmode.nl\\\/\",\"name\":\"Loristhaarmode\",\"description\":\"\",\"publisher\":{\"@id\":\"https:\\\/\\\/loristhaarmode.nl\\\/#organization\"},\"potentialAction\":[{\"@type\":\"SearchAction\",\"target\":{\"@type\":\"EntryPoint\",\"urlTemplate\":\"https:\\\/\\\/loristhaarmode.nl\\\/?s={search_term_string}\"},\"query-input\":{\"@type\":\"PropertyValueSpecification\",\"valueRequired\":true,\"valueName\":\"search_term_string\"}}],\"inLanguage\":\"nl-NL\"},{\"@type\":\"Organization\",\"@id\":\"https:\\\/\\\/loristhaarmode.nl\\\/#organization\",\"name\":\"lorist haarmode\",\"url\":\"https:\\\/\\\/loristhaarmode.nl\\\/\",\"logo\":{\"@type\":\"ImageObject\",\"inLanguage\":\"nl-NL\",\"@id\":\"https:\\\/\\\/loristhaarmode.nl\\\/#\\\/schema\\\/logo\\\/image\\\/\",\"url\":\"https:\\\/\\\/loristhaarmode.nl\\\/wp-content\\\/uploads\\\/2024\\\/01\\\/cropped-cropped-lorist-1.png\",\"contentUrl\":\"https:\\\/\\\/loristhaarmode.nl\\\/wp-content\\\/uploads\\\/2024\\\/01\\\/cropped-cropped-lorist-1.png\",\"width\":461,\"height\":153,\"caption\":\"lorist haarmode\"},\"image\":{\"@id\":\"https:\\\/\\\/loristhaarmode.nl\\\/#\\\/schema\\\/logo\\\/image\\\/\"},\"sameAs\":[\"https:\\\/\\\/www.facebook.com\\\/profile.php?id=61553138893283\",\"https:\\\/\\\/www.instagram.com\\\/loristhaarmode\\\/\"]}]}<\/script>\n<!-- \/ Yoast SEO plugin. -->","yoast_head_json":{"title":"Salt Mist (200 ml)","robots":{"index":"index","follow":"follow","max-snippet":"max-snippet:-1","max-image-preview":"max-image-preview:large","max-video-preview":"max-video-preview:-1"},"canonical":"https:\/\/loristhaarmode.nl\/index.php\/product\/style-salt-mist-200-ml\/","og_locale":"nl_NL","og_type":"article","og_title":"Salt Mist (200 ml)","og_description":"De beach look blijft populair. Die wil je dus het hele jaar door kunnen maken. Daarvoor brengt Style Salt Mist N\u00b062 de zee naar je toe. Deze zoutspray doet precies wat het zoute zeewater met je haar doet: het geeft textuur en een mooie matte finish. Daarbij krijgt je haar ook licht volume. N\u00e9t als &hellip; Salt Mist (200 ml) Lees meer &raquo;","og_url":"https:\/\/loristhaarmode.nl\/index.php\/product\/style-salt-mist-200-ml\/","article_publisher":"https:\/\/www.facebook.com\/profile.php?id=61553138893283","article_modified_time":"2023-12-14T13:00:06+00:00","og_image":[{"width":1024,"height":757,"url":"https:\/\/loristhaarmode.nl\/wp-content\/uploads\/2023\/12\/Keune-Style-Texture-No62-Salt-Mist.webp","type":"image\/webp"}],"twitter_card":"summary_large_image","twitter_misc":{"Geschatte leestijd":"1 minuut"},"schema":{"@context":"https:\/\/schema.org","@graph":[{"@type":"WebPage","@id":"https:\/\/loristhaarmode.nl\/index.php\/product\/style-salt-mist-200-ml\/","url":"https:\/\/loristhaarmode.nl\/index.php\/product\/style-salt-mist-200-ml\/","name":"Salt Mist (200 ml)","isPartOf":{"@id":"https:\/\/loristhaarmode.nl\/#website"},"primaryImageOfPage":{"@id":"https:\/\/loristhaarmode.nl\/index.php\/product\/style-salt-mist-200-ml\/#primaryimage"},"image":{"@id":"https:\/\/loristhaarmode.nl\/index.php\/product\/style-salt-mist-200-ml\/#primaryimage"},"thumbnailUrl":"https:\/\/loristhaarmode.nl\/wp-content\/uploads\/2023\/12\/Keune-Style-Texture-No62-Salt-Mist.webp","datePublished":"2023-12-14T12:46:12+00:00","dateModified":"2023-12-14T13:00:06+00:00","breadcrumb":{"@id":"https:\/\/loristhaarmode.nl\/index.php\/product\/style-salt-mist-200-ml\/#breadcrumb"},"inLanguage":"nl-NL","potentialAction":[{"@type":"ReadAction","target":["https:\/\/loristhaarmode.nl\/index.php\/product\/style-salt-mist-200-ml\/"]}]},{"@type":"ImageObject","inLanguage":"nl-NL","@id":"https:\/\/loristhaarmode.nl\/index.php\/product\/style-salt-mist-200-ml\/#primaryimage","url":"https:\/\/loristhaarmode.nl\/wp-content\/uploads\/2023\/12\/Keune-Style-Texture-No62-Salt-Mist.webp","contentUrl":"https:\/\/loristhaarmode.nl\/wp-content\/uploads\/2023\/12\/Keune-Style-Texture-No62-Salt-Mist.webp","width":1024,"height":757},{"@type":"BreadcrumbList","@id":"https:\/\/loristhaarmode.nl\/index.php\/product\/style-salt-mist-200-ml\/#breadcrumb","itemListElement":[{"@type":"ListItem","position":1,"name":"Home","item":"https:\/\/loristhaarmode.nl\/"},{"@type":"ListItem","position":2,"name":"Producten","item":"https:\/\/loristhaarmode.nl\/index.php\/winkel\/"},{"@type":"ListItem","position":3,"name":"styling","item":"https:\/\/loristhaarmode.nl\/index.php\/product-categorie\/styling\/"},{"@type":"ListItem","position":4,"name":"Salt Mist (200 ml)"}]},{"@type":"WebSite","@id":"https:\/\/loristhaarmode.nl\/#website","url":"https:\/\/loristhaarmode.nl\/","name":"Loristhaarmode","description":"","publisher":{"@id":"https:\/\/loristhaarmode.nl\/#organization"},"potentialAction":[{"@type":"SearchAction","target":{"@type":"EntryPoint","urlTemplate":"https:\/\/loristhaarmode.nl\/?s={search_term_string}"},"query-input":{"@type":"PropertyValueSpecification","valueRequired":true,"valueName":"search_term_string"}}],"inLanguage":"nl-NL"},{"@type":"Organization","@id":"https:\/\/loristhaarmode.nl\/#organization","name":"lorist haarmode","url":"https:\/\/loristhaarmode.nl\/","logo":{"@type":"ImageObject","inLanguage":"nl-NL","@id":"https:\/\/loristhaarmode.nl\/#\/schema\/logo\/image\/","url":"https:\/\/loristhaarmode.nl\/wp-content\/uploads\/2024\/01\/cropped-cropped-lorist-1.png","contentUrl":"https:\/\/loristhaarmode.nl\/wp-content\/uploads\/2024\/01\/cropped-cropped-lorist-1.png","width":461,"height":153,"caption":"lorist haarmode"},"image":{"@id":"https:\/\/loristhaarmode.nl\/#\/schema\/logo\/image\/"},"sameAs":["https:\/\/www.facebook.com\/profile.php?id=61553138893283","https:\/\/www.instagram.com\/loristhaarmode\/"]}]}},"_links":{"self":[{"href":"https:\/\/loristhaarmode.nl\/index.php\/wp-json\/wp\/v2\/product\/93","targetHints":{"allow":["GET"]}}],"collection":[{"href":"https:\/\/loristhaarmode.nl\/index.php\/wp-json\/wp\/v2\/product"}],"about":[{"href":"https:\/\/loristhaarmode.nl\/index.php\/wp-json\/wp\/v2\/types\/product"}],"replies":[{"embeddable":true,"href":"https:\/\/loristhaarmode.nl\/index.php\/wp-json\/wp\/v2\/comments?post=93"}],"wp:featuredmedia":[{"embeddable":true,"href":"https:\/\/loristhaarmode.nl\/index.php\/wp-json\/wp\/v2\/media\/94"}],"wp:attachment":[{"href":"https:\/\/loristhaarmode.nl\/index.php\/wp-json\/wp\/v2\/media?parent=93"}],"wp:term":[{"taxonomy":"product_brand","embeddable":true,"href":"https:\/\/loristhaarmode.nl\/index.php\/wp-json\/wp\/v2\/product_brand?post=93"},{"taxonomy":"product_cat","embeddable":true,"href":"https:\/\/loristhaarmode.nl\/index.php\/wp-json\/wp\/v2\/product_cat?post=93"},{"taxonomy":"product_tag","embeddable":true,"href":"https:\/\/loristhaarmode.nl\/index.php\/wp-json\/wp\/v2\/product_tag?post=93"}],"curies":[{"name":"wp","href":"https:\/\/api.w.org\/{rel}","templated":true}]}}