{"id":110,"date":"2023-12-14T13:20:54","date_gmt":"2023-12-14T13:20:54","guid":{"rendered":"https:\/\/loristhaarmode.nl\/?post_type=product&#038;p=110"},"modified":"2023-12-14T13:22:29","modified_gmt":"2023-12-14T13:22:29","slug":"brilliante-gel","status":"publish","type":"product","link":"https:\/\/loristhaarmode.nl\/index.php\/product\/brilliante-gel\/","title":{"rendered":"Brilliante gel (125 ml)"},"content":{"rendered":"<p>Je zou denken dat een haargel snel hard wordt \u2013 maar combineer je het met een haarcr\u00e8me, dan blijft je haar lekker zacht. En dat is precies wat we hebben gedaan met Style Brilliantine Gel N\u00b029: een gel en cr\u00e8me-in-\u00e9\u00e9n. Door de combinatie met cr\u00e8me geeft deze gel een flexibele stevigheid en een fijne glans. Daarnaast houdt het losse haren op hun plek en zorgt het ervoor dat je haar niet gaat pluizen. Dat maakt deze gel ook erg handig bij het vlechten!<\/p>\n<p><b class=\"richtext_bold__Ems8N\">Hoe te gebruiken: <\/b>Doe de gel eerst op je hand en verdeel het daarna over je haar. Doe dit als je haren nog een klein beetje nat zijn of al helemaal droog. Hierna kun je je haar stylen zoals je maar wilt.<\/p>\n","protected":false},"excerpt":{"rendered":"<p>Je zou denken dat een haargel snel hard wordt \u2013 maar combineer je het met een haarcr\u00e8me, dan blijft je haar lekker zacht. En dat is precies wat we hebben gedaan met Style Brilliantine Gel N\u00b029: een gel en cr\u00e8me-in-\u00e9\u00e9n. Door de combinatie met cr\u00e8me geeft deze gel een flexibele stevigheid en een fijne glans. &hellip;<\/p>\n<p class=\"read-more\"> <a class=\"\" href=\"https:\/\/loristhaarmode.nl\/index.php\/product\/brilliante-gel\/\"> <span class=\"screen-reader-text\">Brilliante gel (125 ml)<\/span> Lees meer &raquo;<\/a><\/p>\n","protected":false},"featured_media":114,"comment_status":"open","ping_status":"closed","template":"","meta":{"site-sidebar-layout":"default","site-content-layout":"","ast-site-content-layout":"default","site-content-style":"default","site-sidebar-style":"default","ast-global-header-display":"","ast-banner-title-visibility":"","ast-main-header-display":"","ast-hfb-above-header-display":"","ast-hfb-below-header-display":"","ast-hfb-mobile-header-display":"","site-post-title":"","ast-breadcrumbs-content":"","ast-featured-img":"","footer-sml-layout":"","theme-transparent-header-meta":"default","adv-header-id-meta":"","stick-header-meta":"","header-above-stick-meta":"","header-main-stick-meta":"","header-below-stick-meta":"","astra-migrate-meta-layouts":"set","ast-page-background-enabled":"default","ast-page-background-meta":{"desktop":{"background-color":"var(--ast-global-color-4)","background-image":"","background-repeat":"repeat","background-position":"center center","background-size":"auto","background-attachment":"scroll","background-type":"","background-media":"","overlay-type":"","overlay-color":"","overlay-gradient":""},"tablet":{"background-color":"","background-image":"","background-repeat":"repeat","background-position":"center center","background-size":"auto","background-attachment":"scroll","background-type":"","background-media":"","overlay-type":"","overlay-color":"","overlay-gradient":""},"mobile":{"background-color":"","background-image":"","background-repeat":"repeat","background-position":"center center","background-size":"auto","background-attachment":"scroll","background-type":"","background-media":"","overlay-type":"","overlay-color":"","overlay-gradient":""}},"ast-content-background-meta":{"desktop":{"background-color":"var(--ast-global-color-5)","background-image":"","background-repeat":"repeat","background-position":"center center","background-size":"auto","background-attachment":"scroll","background-type":"","background-media":"","overlay-type":"","overlay-color":"","overlay-gradient":""},"tablet":{"background-color":"var(--ast-global-color-5)","background-image":"","background-repeat":"repeat","background-position":"center center","background-size":"auto","background-attachment":"scroll","background-type":"","background-media":"","overlay-type":"","overlay-color":"","overlay-gradient":""},"mobile":{"background-color":"var(--ast-global-color-5)","background-image":"","background-repeat":"repeat","background-position":"center center","background-size":"auto","background-attachment":"scroll","background-type":"","background-media":"","overlay-type":"","overlay-color":"","overlay-gradient":""}}},"product_brand":[],"product_cat":[28],"product_tag":[],"class_list":{"0":"post-110","1":"product","2":"type-product","3":"status-publish","4":"has-post-thumbnail","6":"product_cat-styling","7":"desktop-align-left","8":"tablet-align-left","9":"mobile-align-left","11":"first","12":"instock","13":"taxable","14":"shipping-taxable","15":"purchasable","16":"product-type-simple"},"yoast_head":"<!-- This site is optimized with the Yoast SEO plugin v27.6 - https:\/\/yoast.com\/product\/yoast-seo-wordpress\/ -->\n<title>Brilliante gel (125 ml)<\/title>\n<meta name=\"robots\" content=\"index, follow, max-snippet:-1, max-image-preview:large, max-video-preview:-1\" \/>\n<link rel=\"canonical\" href=\"https:\/\/loristhaarmode.nl\/index.php\/product\/brilliante-gel\/\" \/>\n<meta property=\"og:locale\" content=\"nl_NL\" \/>\n<meta property=\"og:type\" content=\"article\" \/>\n<meta property=\"og:title\" content=\"Brilliante gel (125 ml)\" \/>\n<meta property=\"og:description\" content=\"Je zou denken dat een haargel snel hard wordt \u2013 maar combineer je het met een haarcr\u00e8me, dan blijft je haar lekker zacht. En dat is precies wat we hebben gedaan met Style Brilliantine Gel N\u00b029: een gel en cr\u00e8me-in-\u00e9\u00e9n. Door de combinatie met cr\u00e8me geeft deze gel een flexibele stevigheid en een fijne glans. &hellip; Brilliante gel (125 ml) Lees meer &raquo;\" \/>\n<meta property=\"og:url\" content=\"https:\/\/loristhaarmode.nl\/index.php\/product\/brilliante-gel\/\" \/>\n<meta property=\"article:publisher\" content=\"https:\/\/www.facebook.com\/profile.php?id=61553138893283\" \/>\n<meta property=\"article:modified_time\" content=\"2023-12-14T13:22:29+00:00\" \/>\n<meta property=\"og:image\" content=\"https:\/\/loristhaarmode.nl\/wp-content\/uploads\/2023\/12\/27452-Keune-Style-Gloss-No29-Brilliantine-Gel-125ml-API2-1024x757_1_.webp\" \/>\n\t<meta property=\"og:image:width\" content=\"1024\" \/>\n\t<meta property=\"og:image:height\" content=\"757\" \/>\n\t<meta property=\"og:image:type\" content=\"image\/webp\" \/>\n<meta name=\"twitter:card\" content=\"summary_large_image\" \/>\n<meta name=\"twitter:label1\" content=\"Geschatte leestijd\" \/>\n\t<meta name=\"twitter:data1\" content=\"1 minuut\" \/>\n<script type=\"application\/ld+json\" class=\"yoast-schema-graph\">{\"@context\":\"https:\\\/\\\/schema.org\",\"@graph\":[{\"@type\":\"WebPage\",\"@id\":\"https:\\\/\\\/loristhaarmode.nl\\\/index.php\\\/product\\\/brilliante-gel\\\/\",\"url\":\"https:\\\/\\\/loristhaarmode.nl\\\/index.php\\\/product\\\/brilliante-gel\\\/\",\"name\":\"Brilliante gel (125 ml)\",\"isPartOf\":{\"@id\":\"https:\\\/\\\/loristhaarmode.nl\\\/#website\"},\"primaryImageOfPage\":{\"@id\":\"https:\\\/\\\/loristhaarmode.nl\\\/index.php\\\/product\\\/brilliante-gel\\\/#primaryimage\"},\"image\":{\"@id\":\"https:\\\/\\\/loristhaarmode.nl\\\/index.php\\\/product\\\/brilliante-gel\\\/#primaryimage\"},\"thumbnailUrl\":\"https:\\\/\\\/loristhaarmode.nl\\\/wp-content\\\/uploads\\\/2023\\\/12\\\/27452-Keune-Style-Gloss-No29-Brilliantine-Gel-125ml-API2-1024x757_1_.webp\",\"datePublished\":\"2023-12-14T13:20:54+00:00\",\"dateModified\":\"2023-12-14T13:22:29+00:00\",\"breadcrumb\":{\"@id\":\"https:\\\/\\\/loristhaarmode.nl\\\/index.php\\\/product\\\/brilliante-gel\\\/#breadcrumb\"},\"inLanguage\":\"nl-NL\",\"potentialAction\":[{\"@type\":\"ReadAction\",\"target\":[\"https:\\\/\\\/loristhaarmode.nl\\\/index.php\\\/product\\\/brilliante-gel\\\/\"]}]},{\"@type\":\"ImageObject\",\"inLanguage\":\"nl-NL\",\"@id\":\"https:\\\/\\\/loristhaarmode.nl\\\/index.php\\\/product\\\/brilliante-gel\\\/#primaryimage\",\"url\":\"https:\\\/\\\/loristhaarmode.nl\\\/wp-content\\\/uploads\\\/2023\\\/12\\\/27452-Keune-Style-Gloss-No29-Brilliantine-Gel-125ml-API2-1024x757_1_.webp\",\"contentUrl\":\"https:\\\/\\\/loristhaarmode.nl\\\/wp-content\\\/uploads\\\/2023\\\/12\\\/27452-Keune-Style-Gloss-No29-Brilliantine-Gel-125ml-API2-1024x757_1_.webp\",\"width\":1024,\"height\":757},{\"@type\":\"BreadcrumbList\",\"@id\":\"https:\\\/\\\/loristhaarmode.nl\\\/index.php\\\/product\\\/brilliante-gel\\\/#breadcrumb\",\"itemListElement\":[{\"@type\":\"ListItem\",\"position\":1,\"name\":\"Home\",\"item\":\"https:\\\/\\\/loristhaarmode.nl\\\/\"},{\"@type\":\"ListItem\",\"position\":2,\"name\":\"Producten\",\"item\":\"https:\\\/\\\/loristhaarmode.nl\\\/index.php\\\/winkel\\\/\"},{\"@type\":\"ListItem\",\"position\":3,\"name\":\"styling\",\"item\":\"https:\\\/\\\/loristhaarmode.nl\\\/index.php\\\/product-categorie\\\/styling\\\/\"},{\"@type\":\"ListItem\",\"position\":4,\"name\":\"Brilliante gel (125 ml)\"}]},{\"@type\":\"WebSite\",\"@id\":\"https:\\\/\\\/loristhaarmode.nl\\\/#website\",\"url\":\"https:\\\/\\\/loristhaarmode.nl\\\/\",\"name\":\"Loristhaarmode\",\"description\":\"\",\"publisher\":{\"@id\":\"https:\\\/\\\/loristhaarmode.nl\\\/#organization\"},\"potentialAction\":[{\"@type\":\"SearchAction\",\"target\":{\"@type\":\"EntryPoint\",\"urlTemplate\":\"https:\\\/\\\/loristhaarmode.nl\\\/?s={search_term_string}\"},\"query-input\":{\"@type\":\"PropertyValueSpecification\",\"valueRequired\":true,\"valueName\":\"search_term_string\"}}],\"inLanguage\":\"nl-NL\"},{\"@type\":\"Organization\",\"@id\":\"https:\\\/\\\/loristhaarmode.nl\\\/#organization\",\"name\":\"lorist haarmode\",\"url\":\"https:\\\/\\\/loristhaarmode.nl\\\/\",\"logo\":{\"@type\":\"ImageObject\",\"inLanguage\":\"nl-NL\",\"@id\":\"https:\\\/\\\/loristhaarmode.nl\\\/#\\\/schema\\\/logo\\\/image\\\/\",\"url\":\"https:\\\/\\\/loristhaarmode.nl\\\/wp-content\\\/uploads\\\/2024\\\/01\\\/cropped-cropped-lorist-1.png\",\"contentUrl\":\"https:\\\/\\\/loristhaarmode.nl\\\/wp-content\\\/uploads\\\/2024\\\/01\\\/cropped-cropped-lorist-1.png\",\"width\":461,\"height\":153,\"caption\":\"lorist haarmode\"},\"image\":{\"@id\":\"https:\\\/\\\/loristhaarmode.nl\\\/#\\\/schema\\\/logo\\\/image\\\/\"},\"sameAs\":[\"https:\\\/\\\/www.facebook.com\\\/profile.php?id=61553138893283\",\"https:\\\/\\\/www.instagram.com\\\/loristhaarmode\\\/\"]}]}<\/script>\n<!-- \/ Yoast SEO plugin. -->","yoast_head_json":{"title":"Brilliante gel (125 ml)","robots":{"index":"index","follow":"follow","max-snippet":"max-snippet:-1","max-image-preview":"max-image-preview:large","max-video-preview":"max-video-preview:-1"},"canonical":"https:\/\/loristhaarmode.nl\/index.php\/product\/brilliante-gel\/","og_locale":"nl_NL","og_type":"article","og_title":"Brilliante gel (125 ml)","og_description":"Je zou denken dat een haargel snel hard wordt \u2013 maar combineer je het met een haarcr\u00e8me, dan blijft je haar lekker zacht. En dat is precies wat we hebben gedaan met Style Brilliantine Gel N\u00b029: een gel en cr\u00e8me-in-\u00e9\u00e9n. Door de combinatie met cr\u00e8me geeft deze gel een flexibele stevigheid en een fijne glans. &hellip; Brilliante gel (125 ml) Lees meer &raquo;","og_url":"https:\/\/loristhaarmode.nl\/index.php\/product\/brilliante-gel\/","article_publisher":"https:\/\/www.facebook.com\/profile.php?id=61553138893283","article_modified_time":"2023-12-14T13:22:29+00:00","og_image":[{"width":1024,"height":757,"url":"https:\/\/loristhaarmode.nl\/wp-content\/uploads\/2023\/12\/27452-Keune-Style-Gloss-No29-Brilliantine-Gel-125ml-API2-1024x757_1_.webp","type":"image\/webp"}],"twitter_card":"summary_large_image","twitter_misc":{"Geschatte leestijd":"1 minuut"},"schema":{"@context":"https:\/\/schema.org","@graph":[{"@type":"WebPage","@id":"https:\/\/loristhaarmode.nl\/index.php\/product\/brilliante-gel\/","url":"https:\/\/loristhaarmode.nl\/index.php\/product\/brilliante-gel\/","name":"Brilliante gel (125 ml)","isPartOf":{"@id":"https:\/\/loristhaarmode.nl\/#website"},"primaryImageOfPage":{"@id":"https:\/\/loristhaarmode.nl\/index.php\/product\/brilliante-gel\/#primaryimage"},"image":{"@id":"https:\/\/loristhaarmode.nl\/index.php\/product\/brilliante-gel\/#primaryimage"},"thumbnailUrl":"https:\/\/loristhaarmode.nl\/wp-content\/uploads\/2023\/12\/27452-Keune-Style-Gloss-No29-Brilliantine-Gel-125ml-API2-1024x757_1_.webp","datePublished":"2023-12-14T13:20:54+00:00","dateModified":"2023-12-14T13:22:29+00:00","breadcrumb":{"@id":"https:\/\/loristhaarmode.nl\/index.php\/product\/brilliante-gel\/#breadcrumb"},"inLanguage":"nl-NL","potentialAction":[{"@type":"ReadAction","target":["https:\/\/loristhaarmode.nl\/index.php\/product\/brilliante-gel\/"]}]},{"@type":"ImageObject","inLanguage":"nl-NL","@id":"https:\/\/loristhaarmode.nl\/index.php\/product\/brilliante-gel\/#primaryimage","url":"https:\/\/loristhaarmode.nl\/wp-content\/uploads\/2023\/12\/27452-Keune-Style-Gloss-No29-Brilliantine-Gel-125ml-API2-1024x757_1_.webp","contentUrl":"https:\/\/loristhaarmode.nl\/wp-content\/uploads\/2023\/12\/27452-Keune-Style-Gloss-No29-Brilliantine-Gel-125ml-API2-1024x757_1_.webp","width":1024,"height":757},{"@type":"BreadcrumbList","@id":"https:\/\/loristhaarmode.nl\/index.php\/product\/brilliante-gel\/#breadcrumb","itemListElement":[{"@type":"ListItem","position":1,"name":"Home","item":"https:\/\/loristhaarmode.nl\/"},{"@type":"ListItem","position":2,"name":"Producten","item":"https:\/\/loristhaarmode.nl\/index.php\/winkel\/"},{"@type":"ListItem","position":3,"name":"styling","item":"https:\/\/loristhaarmode.nl\/index.php\/product-categorie\/styling\/"},{"@type":"ListItem","position":4,"name":"Brilliante gel (125 ml)"}]},{"@type":"WebSite","@id":"https:\/\/loristhaarmode.nl\/#website","url":"https:\/\/loristhaarmode.nl\/","name":"Loristhaarmode","description":"","publisher":{"@id":"https:\/\/loristhaarmode.nl\/#organization"},"potentialAction":[{"@type":"SearchAction","target":{"@type":"EntryPoint","urlTemplate":"https:\/\/loristhaarmode.nl\/?s={search_term_string}"},"query-input":{"@type":"PropertyValueSpecification","valueRequired":true,"valueName":"search_term_string"}}],"inLanguage":"nl-NL"},{"@type":"Organization","@id":"https:\/\/loristhaarmode.nl\/#organization","name":"lorist haarmode","url":"https:\/\/loristhaarmode.nl\/","logo":{"@type":"ImageObject","inLanguage":"nl-NL","@id":"https:\/\/loristhaarmode.nl\/#\/schema\/logo\/image\/","url":"https:\/\/loristhaarmode.nl\/wp-content\/uploads\/2024\/01\/cropped-cropped-lorist-1.png","contentUrl":"https:\/\/loristhaarmode.nl\/wp-content\/uploads\/2024\/01\/cropped-cropped-lorist-1.png","width":461,"height":153,"caption":"lorist haarmode"},"image":{"@id":"https:\/\/loristhaarmode.nl\/#\/schema\/logo\/image\/"},"sameAs":["https:\/\/www.facebook.com\/profile.php?id=61553138893283","https:\/\/www.instagram.com\/loristhaarmode\/"]}]}},"_links":{"self":[{"href":"https:\/\/loristhaarmode.nl\/index.php\/wp-json\/wp\/v2\/product\/110","targetHints":{"allow":["GET"]}}],"collection":[{"href":"https:\/\/loristhaarmode.nl\/index.php\/wp-json\/wp\/v2\/product"}],"about":[{"href":"https:\/\/loristhaarmode.nl\/index.php\/wp-json\/wp\/v2\/types\/product"}],"replies":[{"embeddable":true,"href":"https:\/\/loristhaarmode.nl\/index.php\/wp-json\/wp\/v2\/comments?post=110"}],"wp:featuredmedia":[{"embeddable":true,"href":"https:\/\/loristhaarmode.nl\/index.php\/wp-json\/wp\/v2\/media\/114"}],"wp:attachment":[{"href":"https:\/\/loristhaarmode.nl\/index.php\/wp-json\/wp\/v2\/media?parent=110"}],"wp:term":[{"taxonomy":"product_brand","embeddable":true,"href":"https:\/\/loristhaarmode.nl\/index.php\/wp-json\/wp\/v2\/product_brand?post=110"},{"taxonomy":"product_cat","embeddable":true,"href":"https:\/\/loristhaarmode.nl\/index.php\/wp-json\/wp\/v2\/product_cat?post=110"},{"taxonomy":"product_tag","embeddable":true,"href":"https:\/\/loristhaarmode.nl\/index.php\/wp-json\/wp\/v2\/product_tag?post=110"}],"curies":[{"name":"wp","href":"https:\/\/api.w.org\/{rel}","templated":true}]}}